{"id":292,"date":"2025-05-23T02:42:23","date_gmt":"2025-05-23T00:42:23","guid":{"rendered":"https:\/\/tchadprospective.com\/?page_id=292"},"modified":"2025-05-23T10:55:05","modified_gmt":"2025-05-23T08:55:05","slug":"accueil","status":"publish","type":"page","link":"https:\/\/tchadprospective.com\/","title":{"rendered":"Accueil"},"content":{"rendered":"\n[et_pb_section admin_label=&#8221;section&#8221;]\n\t\t\t[et_pb_row admin_label=&#8221;row&#8221;]\n\t\t\t\t[et_pb_column type=&#8221;4_4&#8243;][et_pb_text admin_label=&#8221;Text&#8221;][\/et_pb_text][\/et_pb_column]\n\t\t\t[\/et_pb_row]\n\t\t[\/et_pb_section]\n","protected":false},"excerpt":{"rendered":"","protected":false},"author":1,"featured_media":376,"parent":0,"menu_order":0,"comment_status":"closed","ping_status":"closed","template":"","meta":{"_et_pb_use_builder":"on","_et_pb_old_content":"<!-- wp:divi\/placeholder \/-->","_et_gb_content_width":"","footnotes":""},"class_list":["post-292","page","type-page","status-publish","has-post-thumbnail","hentry"],"yoast_head":"<!-- This site is optimized with the Yoast SEO plugin v24.1 - https:\/\/yoast.com\/wordpress\/plugins\/seo\/ -->\n<title>Accueil - Tchad Prospective<\/title>\n<meta name=\"description\" content=\"Tchad Prospective est un laboratoire d\u2019id\u00e9es ind\u00e9pendant et innovant, cr\u00e9\u00e9 pour r\u00e9pondre aux d\u00e9fis contemporains du Tchad.\" \/>\n<meta name=\"robots\" content=\"index, follow, max-snippet:-1, max-image-preview:large, max-video-preview:-1\" \/>\n<link rel=\"canonical\" href=\"http:\/\/tchadprospective.com\/\" \/>\n<meta property=\"og:locale\" content=\"en_US\" \/>\n<meta property=\"og:type\" content=\"article\" \/>\n<meta property=\"og:title\" content=\"Accueil - Tchad Prospective\" \/>\n<meta property=\"og:description\" content=\"Tchad Prospective est un laboratoire d\u2019id\u00e9es ind\u00e9pendant et innovant, cr\u00e9\u00e9 pour r\u00e9pondre aux d\u00e9fis contemporains du Tchad.\" \/>\n<meta property=\"og:url\" content=\"http:\/\/tchadprospective.com\/\" \/>\n<meta property=\"og:site_name\" content=\"Tchad Prospective\" \/>\n<meta property=\"article:publisher\" content=\"https:\/\/www.facebook.com\/profile.php?id=61571742024026&amp;mibextid=LQQJ4d\" \/>\n<meta property=\"article:modified_time\" content=\"2025-05-23T08:55:05+00:00\" \/>\n<meta property=\"og:image\" content=\"http:\/\/tchadprospective.com\/wp-content\/uploads\/2025\/05\/PHOTO-2025-04-01-13-05-06-2.jpg\" \/>\n\t<meta property=\"og:image:width\" content=\"2560\" \/>\n\t<meta property=\"og:image:height\" content=\"1706\" \/>\n\t<meta property=\"og:image:type\" content=\"image\/jpeg\" \/>\n<meta name=\"twitter:card\" content=\"summary_large_image\" \/>\n<meta name=\"twitter:title\" content=\"Accueil - Tchad Prospective\" \/>\n<meta name=\"twitter:description\" content=\"Tchad Prospective est un laboratoire d\u2019id\u00e9es ind\u00e9pendant et innovant, cr\u00e9\u00e9 pour r\u00e9pondre aux d\u00e9fis contemporains du Tchad.\" \/>\n<meta name=\"twitter:image\" content=\"https:\/\/tchadprospective.com\/wp-content\/uploads\/2025\/05\/PHOTO-2025-04-01-13-05-06-2.jpg\" \/>\n<meta name=\"twitter:site\" content=\"@chadprospective\" \/>\n<meta name=\"twitter:label1\" content=\"Est. reading time\" \/>\n\t<meta name=\"twitter:data1\" content=\"1 minute\" \/>\n<script type=\"application\/ld+json\" class=\"yoast-schema-graph\">{\"@context\":\"https:\/\/schema.org\",\"@graph\":[{\"@type\":\"WebPage\",\"@id\":\"http:\/\/tchadprospective.com\/\",\"url\":\"http:\/\/tchadprospective.com\/\",\"name\":\"Accueil - Tchad Prospective\",\"isPartOf\":{\"@id\":\"http:\/\/tchadprospective.com\/#website\"},\"primaryImageOfPage\":{\"@id\":\"http:\/\/tchadprospective.com\/#primaryimage\"},\"image\":{\"@id\":\"http:\/\/tchadprospective.com\/#primaryimage\"},\"thumbnailUrl\":\"https:\/\/tchadprospective.com\/wp-content\/uploads\/2025\/05\/PHOTO-2025-04-01-13-05-06-2.jpg\",\"datePublished\":\"2025-05-23T00:42:23+00:00\",\"dateModified\":\"2025-05-23T08:55:05+00:00\",\"description\":\"Tchad Prospective est un laboratoire d\u2019id\u00e9es ind\u00e9pendant et innovant, cr\u00e9\u00e9 pour r\u00e9pondre aux d\u00e9fis contemporains du Tchad.\",\"breadcrumb\":{\"@id\":\"http:\/\/tchadprospective.com\/#breadcrumb\"},\"inLanguage\":\"en-US\",\"potentialAction\":[{\"@type\":\"ReadAction\",\"target\":[\"http:\/\/tchadprospective.com\/\"]}]},{\"@type\":\"ImageObject\",\"inLanguage\":\"en-US\",\"@id\":\"http:\/\/tchadprospective.com\/#primaryimage\",\"url\":\"https:\/\/tchadprospective.com\/wp-content\/uploads\/2025\/05\/PHOTO-2025-04-01-13-05-06-2.jpg\",\"contentUrl\":\"https:\/\/tchadprospective.com\/wp-content\/uploads\/2025\/05\/PHOTO-2025-04-01-13-05-06-2.jpg\",\"width\":2560,\"height\":1706},{\"@type\":\"BreadcrumbList\",\"@id\":\"http:\/\/tchadprospective.com\/#breadcrumb\",\"itemListElement\":[{\"@type\":\"ListItem\",\"position\":1,\"name\":\"Accueil\",\"item\":\"http:\/\/tchadprospective.com\/\"},{\"@type\":\"ListItem\",\"position\":2,\"name\":\"Accueil\"}]},{\"@type\":\"WebSite\",\"@id\":\"http:\/\/tchadprospective.com\/#website\",\"url\":\"http:\/\/tchadprospective.com\/\",\"name\":\"Tchad Prospective\",\"description\":\"Ensemble, pensons le Tchad de demain\",\"potentialAction\":[{\"@type\":\"SearchAction\",\"target\":{\"@type\":\"EntryPoint\",\"urlTemplate\":\"http:\/\/tchadprospective.com\/?s={search_term_string}\"},\"query-input\":{\"@type\":\"PropertyValueSpecification\",\"valueRequired\":true,\"valueName\":\"search_term_string\"}}],\"inLanguage\":\"en-US\"}]}<\/script>\n<!-- \/ Yoast SEO plugin. -->","yoast_head_json":{"title":"Accueil - Tchad Prospective","description":"Tchad Prospective est un laboratoire d\u2019id\u00e9es ind\u00e9pendant et innovant, cr\u00e9\u00e9 pour r\u00e9pondre aux d\u00e9fis contemporains du Tchad.","robots":{"index":"index","follow":"follow","max-snippet":"max-snippet:-1","max-image-preview":"max-image-preview:large","max-video-preview":"max-video-preview:-1"},"canonical":"http:\/\/tchadprospective.com\/","og_locale":"en_US","og_type":"article","og_title":"Accueil - Tchad Prospective","og_description":"Tchad Prospective est un laboratoire d\u2019id\u00e9es ind\u00e9pendant et innovant, cr\u00e9\u00e9 pour r\u00e9pondre aux d\u00e9fis contemporains du Tchad.","og_url":"http:\/\/tchadprospective.com\/","og_site_name":"Tchad Prospective","article_publisher":"https:\/\/www.facebook.com\/profile.php?id=61571742024026&mibextid=LQQJ4d","article_modified_time":"2025-05-23T08:55:05+00:00","og_image":[{"width":2560,"height":1706,"url":"http:\/\/tchadprospective.com\/wp-content\/uploads\/2025\/05\/PHOTO-2025-04-01-13-05-06-2.jpg","type":"image\/jpeg"}],"twitter_card":"summary_large_image","twitter_title":"Accueil - Tchad Prospective","twitter_description":"Tchad Prospective est un laboratoire d\u2019id\u00e9es ind\u00e9pendant et innovant, cr\u00e9\u00e9 pour r\u00e9pondre aux d\u00e9fis contemporains du Tchad.","twitter_image":"https:\/\/tchadprospective.com\/wp-content\/uploads\/2025\/05\/PHOTO-2025-04-01-13-05-06-2.jpg","twitter_site":"@chadprospective","twitter_misc":{"Est. reading time":"1 minute"},"schema":{"@context":"https:\/\/schema.org","@graph":[{"@type":"WebPage","@id":"http:\/\/tchadprospective.com\/","url":"http:\/\/tchadprospective.com\/","name":"Accueil - Tchad Prospective","isPartOf":{"@id":"http:\/\/tchadprospective.com\/#website"},"primaryImageOfPage":{"@id":"http:\/\/tchadprospective.com\/#primaryimage"},"image":{"@id":"http:\/\/tchadprospective.com\/#primaryimage"},"thumbnailUrl":"https:\/\/tchadprospective.com\/wp-content\/uploads\/2025\/05\/PHOTO-2025-04-01-13-05-06-2.jpg","datePublished":"2025-05-23T00:42:23+00:00","dateModified":"2025-05-23T08:55:05+00:00","description":"Tchad Prospective est un laboratoire d\u2019id\u00e9es ind\u00e9pendant et innovant, cr\u00e9\u00e9 pour r\u00e9pondre aux d\u00e9fis contemporains du Tchad.","breadcrumb":{"@id":"http:\/\/tchadprospective.com\/#breadcrumb"},"inLanguage":"en-US","potentialAction":[{"@type":"ReadAction","target":["http:\/\/tchadprospective.com\/"]}]},{"@type":"ImageObject","inLanguage":"en-US","@id":"http:\/\/tchadprospective.com\/#primaryimage","url":"https:\/\/tchadprospective.com\/wp-content\/uploads\/2025\/05\/PHOTO-2025-04-01-13-05-06-2.jpg","contentUrl":"https:\/\/tchadprospective.com\/wp-content\/uploads\/2025\/05\/PHOTO-2025-04-01-13-05-06-2.jpg","width":2560,"height":1706},{"@type":"BreadcrumbList","@id":"http:\/\/tchadprospective.com\/#breadcrumb","itemListElement":[{"@type":"ListItem","position":1,"name":"Accueil","item":"http:\/\/tchadprospective.com\/"},{"@type":"ListItem","position":2,"name":"Accueil"}]},{"@type":"WebSite","@id":"http:\/\/tchadprospective.com\/#website","url":"http:\/\/tchadprospective.com\/","name":"Tchad Prospective","description":"Ensemble, pensons le Tchad de demain","potentialAction":[{"@type":"SearchAction","target":{"@type":"EntryPoint","urlTemplate":"http:\/\/tchadprospective.com\/?s={search_term_string}"},"query-input":{"@type":"PropertyValueSpecification","valueRequired":true,"valueName":"search_term_string"}}],"inLanguage":"en-US"}]}},"_links":{"self":[{"href":"https:\/\/tchadprospective.com\/index.php\/wp-json\/wp\/v2\/pages\/292","targetHints":{"allow":["GET"]}}],"collection":[{"href":"https:\/\/tchadprospective.com\/index.php\/wp-json\/wp\/v2\/pages"}],"about":[{"href":"https:\/\/tchadprospective.com\/index.php\/wp-json\/wp\/v2\/types\/page"}],"author":[{"embeddable":true,"href":"https:\/\/tchadprospective.com\/index.php\/wp-json\/wp\/v2\/users\/1"}],"replies":[{"embeddable":true,"href":"https:\/\/tchadprospective.com\/index.php\/wp-json\/wp\/v2\/comments?post=292"}],"version-history":[{"count":7,"href":"https:\/\/tchadprospective.com\/index.php\/wp-json\/wp\/v2\/pages\/292\/revisions"}],"predecessor-version":[{"id":462,"href":"https:\/\/tchadprospective.com\/index.php\/wp-json\/wp\/v2\/pages\/292\/revisions\/462"}],"wp:featuredmedia":[{"embeddable":true,"href":"https:\/\/tchadprospective.com\/index.php\/wp-json\/wp\/v2\/media\/376"}],"wp:attachment":[{"href":"https:\/\/tchadprospective.com\/index.php\/wp-json\/wp\/v2\/media?parent=292"}],"curies":[{"name":"wp","href":"https:\/\/api.w.org\/{rel}","templated":true}]}}